{"id":83,"date":"2019-10-27T14:49:24","date_gmt":"2019-10-27T18:49:24","guid":{"rendered":"https:\/\/cafegourmet.ca\/dev\/?page_id=83"},"modified":"2020-11-30T17:24:30","modified_gmt":"2020-11-30T22:24:30","slug":"contact-us","status":"publish","type":"page","link":"https:\/\/cafegourmet.ca\/fr\/contact-us\/","title":{"rendered":"Nous joindre"},"content":{"rendered":"<div data-elementor-type=\"wp-page\" data-elementor-id=\"83\" class=\"elementor elementor-83\">\n\t\t\t\t\t\t<section class=\"elementor-section elementor-top-section elementor-element elementor-element-e612f72 elementor-section-boxed elementor-section-height-default elementor-section-height-default\" data-id=\"e612f72\" data-element_type=\"section\" data-e-type=\"section\">\n\t\t\t\t\t\t<div class=\"elementor-container elementor-column-gap-default\">\n\t\t\t\t\t<div class=\"elementor-column elementor-col-100 elementor-top-column elementor-element elementor-element-e641327\" data-id=\"e641327\" data-element_type=\"column\" data-e-type=\"column\">\n\t\t\t<div class=\"elementor-widget-wrap elementor-element-populated\">\n\t\t\t\t\t\t<div class=\"elementor-element elementor-element-1f4d843 elementor-widget elementor-widget-text-editor\" data-id=\"1f4d843\" data-element_type=\"widget\" data-e-type=\"widget\" data-widget_type=\"text-editor.default\">\n\t\t\t\t<div class=\"elementor-widget-container\">\n\t\t\t\t\t\t\t\t\t<p>Vous pouvez passer une commande sur notre site Web ou n'h\u00e9sitez pas \u00e0 nous appeler au 514.631.1131 ou par courriel \u00e0 <a href=\"mailto:info@cafegourmet.ca\" target=\"_self\" rel=\"noopener\">info@cafegourmet.ca<\/a> et nous pourrons discuter de vos besoins ou d'un th\u00e8me que vous aimeriez consid\u00e9rer.\u00a0<a href=\"mailto:info@cafegourmet.ca\" target=\"_blank\" rel=\"noopener\">info@cafegourmet.ca<\/a>\u00a0and we can discuss your needs or a theme you would like to consider.<\/p><p style=\"margin-bottom: .0001pt; line-height: normal;\"><span style=\"font-family: 'Roboto',serif; mso-ansi-language: EN-CA;\"><b>Le Centre Caf\u00e9 Gourmet<\/b><\/span><\/p><p style=\"margin-bottom: .0001pt; line-height: normal;\"><span style=\"font-family: 'Roboto',serif; mso-ansi-language: EN-CA;\">1564 Ch. Herron, Bureau 201<\/span><\/p><p style=\"margin-bottom: .0001pt; line-height: normal;\"><span style=\"font-family: 'Roboto',serif; mso-ansi-language: EN-CA;\">Dorval, Quebec<\/span><\/p><p style=\"margin-bottom: .0001pt; line-height: normal;\"><span style=\"font-family: 'Roboto',serif; mso-ansi-language: EN-CA;\">H9S 1B7<\/span><span style=\"font-family: Roboto, serif;\">\u00a0<\/span><\/p><p style=\"margin-bottom: .0001pt; line-height: normal;\"><span style=\"font-family: 'Roboto',serif; mso-ansi-language: EN-CA;\"><b>Tel:<\/b><\/span><span lang=\"EN-US\" style=\"background-image: initial; background-position: initial; background-size: initial; background-repeat: initial; background-attachment: initial; background-origin: initial; background-clip: initial; font-family: Roboto, serif; color: black;\">\u00a0<\/span>514.631.1131<\/p><p style=\"margin-bottom: .0001pt; line-height: normal;\"><span lang=\"EN-US\" style=\"font-size: 13.5pt; font-family: Arial, sans-serif; background-image: initial; background-position: initial; background-size: initial; background-repeat: initial; background-attachment: initial; background-origin: initial; background-clip: initial;\">\u00a0<\/span><\/p><p><img decoding=\"async\" class=\"alignleft\" src=\"https:\/\/cafegourmet.ca\/dev\/wp-content\/uploads\/2019\/11\/email-2-e1572819317122.png\" alt=\"\" width=\"25\" height=\"25\" \/><\/p>\t\t\t\t\t\t\t\t<\/div>\n\t\t\t\t<\/div>\n\t\t\t\t\t<\/div>\n\t\t<\/div>\n\t\t\t\t\t<\/div>\n\t\t<\/section>\n\t\t\t\t<\/div>","protected":false},"excerpt":{"rendered":"<p>You can place an order on our web site or feel free to give us a call at 514.631.1131 or email at\u00a0info@cafegourmet.ca\u00a0and we can discuss your needs or a theme you would like to consider. Le Centre Caf\u00e9 Gourmet 1564 Ch. Herron, Suite 201 Dorval, Quebec H9S 1B7\u00a0 Tel:\u00a0514.631.1131 \u00a0<\/p>","protected":false},"author":1,"featured_media":0,"parent":0,"menu_order":0,"comment_status":"closed","ping_status":"closed","template":"","meta":{"footnotes":""},"class_list":["post-83","page","type-page","status-publish","hentry"],"yoast_head":"<!-- This site is optimized with the Yoast SEO plugin v27.5 - https:\/\/yoast.com\/product\/yoast-seo-wordpress\/ -->\n<title>Contact Us - Le Cafe Gourmet<\/title>\n<meta name=\"robots\" content=\"index, follow, max-snippet:-1, max-image-preview:large, max-video-preview:-1\" \/>\n<link rel=\"canonical\" href=\"https:\/\/cafegourmet.ca\/fr\/contact-us\/\" \/>\n<meta property=\"og:locale\" content=\"fr_CA\" \/>\n<meta property=\"og:type\" content=\"article\" \/>\n<meta property=\"og:title\" content=\"Contact Us - Le Cafe Gourmet\" \/>\n<meta property=\"og:description\" content=\"You can place an order on our web site or feel free to give us a call at 514.631.1131 or email at\u00a0info@cafegourmet.ca\u00a0and we can discuss your needs or a theme you would like to consider. Le Centre Caf\u00e9 Gourmet 1564 Ch. Herron, Suite 201 Dorval, Quebec H9S 1B7\u00a0 Tel:\u00a0514.631.1131 \u00a0\" \/>\n<meta property=\"og:url\" content=\"https:\/\/cafegourmet.ca\/fr\/contact-us\/\" \/>\n<meta property=\"og:site_name\" content=\"Le Cafe Gourmet\" \/>\n<meta property=\"article:modified_time\" content=\"2020-11-30T22:24:30+00:00\" \/>\n<meta property=\"og:image\" content=\"https:\/\/cafegourmet.ca\/dev\/wp-content\/uploads\/2019\/11\/email-2-e1572819317122.png\" \/>\n<meta name=\"twitter:card\" content=\"summary_large_image\" \/>\n<script type=\"application\/ld+json\" class=\"yoast-schema-graph\">{\"@context\":\"https:\\\/\\\/schema.org\",\"@graph\":[{\"@type\":\"WebPage\",\"@id\":\"https:\\\/\\\/cafegourmet.ca\\\/contact-us\\\/\",\"url\":\"https:\\\/\\\/cafegourmet.ca\\\/contact-us\\\/\",\"name\":\"Contact Us - Le Cafe Gourmet\",\"isPartOf\":{\"@id\":\"https:\\\/\\\/cafegourmet.ca\\\/#website\"},\"primaryImageOfPage\":{\"@id\":\"https:\\\/\\\/cafegourmet.ca\\\/contact-us\\\/#primaryimage\"},\"image\":{\"@id\":\"https:\\\/\\\/cafegourmet.ca\\\/contact-us\\\/#primaryimage\"},\"thumbnailUrl\":\"https:\\\/\\\/cafegourmet.ca\\\/dev\\\/wp-content\\\/uploads\\\/2019\\\/11\\\/email-2-e1572819317122.png\",\"datePublished\":\"2019-10-27T18:49:24+00:00\",\"dateModified\":\"2020-11-30T22:24:30+00:00\",\"breadcrumb\":{\"@id\":\"https:\\\/\\\/cafegourmet.ca\\\/contact-us\\\/#breadcrumb\"},\"inLanguage\":\"fr-CA\",\"potentialAction\":[{\"@type\":\"ReadAction\",\"target\":[\"https:\\\/\\\/cafegourmet.ca\\\/contact-us\\\/\"]}]},{\"@type\":\"ImageObject\",\"inLanguage\":\"fr-CA\",\"@id\":\"https:\\\/\\\/cafegourmet.ca\\\/contact-us\\\/#primaryimage\",\"url\":\"https:\\\/\\\/cafegourmet.ca\\\/dev\\\/wp-content\\\/uploads\\\/2019\\\/11\\\/email-2-e1572819317122.png\",\"contentUrl\":\"https:\\\/\\\/cafegourmet.ca\\\/dev\\\/wp-content\\\/uploads\\\/2019\\\/11\\\/email-2-e1572819317122.png\"},{\"@type\":\"BreadcrumbList\",\"@id\":\"https:\\\/\\\/cafegourmet.ca\\\/contact-us\\\/#breadcrumb\",\"itemListElement\":[{\"@type\":\"ListItem\",\"position\":1,\"name\":\"Home\",\"item\":\"https:\\\/\\\/cafegourmet.ca\\\/\"},{\"@type\":\"ListItem\",\"position\":2,\"name\":\"Contact Us\"}]},{\"@type\":\"WebSite\",\"@id\":\"https:\\\/\\\/cafegourmet.ca\\\/#website\",\"url\":\"https:\\\/\\\/cafegourmet.ca\\\/\",\"name\":\"Le Cafe Gourmet\",\"description\":\"\",\"publisher\":{\"@id\":\"https:\\\/\\\/cafegourmet.ca\\\/#organization\"},\"potentialAction\":[{\"@type\":\"SearchAction\",\"target\":{\"@type\":\"EntryPoint\",\"urlTemplate\":\"https:\\\/\\\/cafegourmet.ca\\\/?s={search_term_string}\"},\"query-input\":{\"@type\":\"PropertyValueSpecification\",\"valueRequired\":true,\"valueName\":\"search_term_string\"}}],\"inLanguage\":\"fr-CA\"},{\"@type\":\"Organization\",\"@id\":\"https:\\\/\\\/cafegourmet.ca\\\/#organization\",\"name\":\"Le Cafe Gourmet\",\"url\":\"https:\\\/\\\/cafegourmet.ca\\\/\",\"logo\":{\"@type\":\"ImageObject\",\"inLanguage\":\"fr-CA\",\"@id\":\"https:\\\/\\\/cafegourmet.ca\\\/#\\\/schema\\\/logo\\\/image\\\/\",\"url\":\"https:\\\/\\\/cafegourmet.ca\\\/wp-content\\\/uploads\\\/2024\\\/10\\\/Logo_v2-scaled.jpg\",\"contentUrl\":\"https:\\\/\\\/cafegourmet.ca\\\/wp-content\\\/uploads\\\/2024\\\/10\\\/Logo_v2-scaled.jpg\",\"width\":2560,\"height\":1285,\"caption\":\"Le Cafe Gourmet\"},\"image\":{\"@id\":\"https:\\\/\\\/cafegourmet.ca\\\/#\\\/schema\\\/logo\\\/image\\\/\"}}]}<\/script>\n<!-- \/ Yoast SEO plugin. -->","yoast_head_json":{"title":"Contact Us - Le Cafe Gourmet","robots":{"index":"index","follow":"follow","max-snippet":"max-snippet:-1","max-image-preview":"max-image-preview:large","max-video-preview":"max-video-preview:-1"},"canonical":"https:\/\/cafegourmet.ca\/fr\/contact-us\/","og_locale":"fr_CA","og_type":"article","og_title":"Contact Us - Le Cafe Gourmet","og_description":"You can place an order on our web site or feel free to give us a call at 514.631.1131 or email at\u00a0info@cafegourmet.ca\u00a0and we can discuss your needs or a theme you would like to consider. Le Centre Caf\u00e9 Gourmet 1564 Ch. Herron, Suite 201 Dorval, Quebec H9S 1B7\u00a0 Tel:\u00a0514.631.1131 \u00a0","og_url":"https:\/\/cafegourmet.ca\/fr\/contact-us\/","og_site_name":"Le Cafe Gourmet","article_modified_time":"2020-11-30T22:24:30+00:00","og_image":[{"url":"https:\/\/cafegourmet.ca\/dev\/wp-content\/uploads\/2019\/11\/email-2-e1572819317122.png","type":"","width":"","height":""}],"twitter_card":"summary_large_image","schema":{"@context":"https:\/\/schema.org","@graph":[{"@type":"WebPage","@id":"https:\/\/cafegourmet.ca\/contact-us\/","url":"https:\/\/cafegourmet.ca\/contact-us\/","name":"Contact Us - Le Cafe Gourmet","isPartOf":{"@id":"https:\/\/cafegourmet.ca\/#website"},"primaryImageOfPage":{"@id":"https:\/\/cafegourmet.ca\/contact-us\/#primaryimage"},"image":{"@id":"https:\/\/cafegourmet.ca\/contact-us\/#primaryimage"},"thumbnailUrl":"https:\/\/cafegourmet.ca\/dev\/wp-content\/uploads\/2019\/11\/email-2-e1572819317122.png","datePublished":"2019-10-27T18:49:24+00:00","dateModified":"2020-11-30T22:24:30+00:00","breadcrumb":{"@id":"https:\/\/cafegourmet.ca\/contact-us\/#breadcrumb"},"inLanguage":"fr-CA","potentialAction":[{"@type":"ReadAction","target":["https:\/\/cafegourmet.ca\/contact-us\/"]}]},{"@type":"ImageObject","inLanguage":"fr-CA","@id":"https:\/\/cafegourmet.ca\/contact-us\/#primaryimage","url":"https:\/\/cafegourmet.ca\/dev\/wp-content\/uploads\/2019\/11\/email-2-e1572819317122.png","contentUrl":"https:\/\/cafegourmet.ca\/dev\/wp-content\/uploads\/2019\/11\/email-2-e1572819317122.png"},{"@type":"BreadcrumbList","@id":"https:\/\/cafegourmet.ca\/contact-us\/#breadcrumb","itemListElement":[{"@type":"ListItem","position":1,"name":"Home","item":"https:\/\/cafegourmet.ca\/"},{"@type":"ListItem","position":2,"name":"Contact Us"}]},{"@type":"WebSite","@id":"https:\/\/cafegourmet.ca\/#website","url":"https:\/\/cafegourmet.ca\/","name":"Le Cafe Gourmet","description":"","publisher":{"@id":"https:\/\/cafegourmet.ca\/#organization"},"potentialAction":[{"@type":"SearchAction","target":{"@type":"EntryPoint","urlTemplate":"https:\/\/cafegourmet.ca\/?s={search_term_string}"},"query-input":{"@type":"PropertyValueSpecification","valueRequired":true,"valueName":"search_term_string"}}],"inLanguage":"fr-CA"},{"@type":"Organization","@id":"https:\/\/cafegourmet.ca\/#organization","name":"Le Cafe Gourmet","url":"https:\/\/cafegourmet.ca\/","logo":{"@type":"ImageObject","inLanguage":"fr-CA","@id":"https:\/\/cafegourmet.ca\/#\/schema\/logo\/image\/","url":"https:\/\/cafegourmet.ca\/wp-content\/uploads\/2024\/10\/Logo_v2-scaled.jpg","contentUrl":"https:\/\/cafegourmet.ca\/wp-content\/uploads\/2024\/10\/Logo_v2-scaled.jpg","width":2560,"height":1285,"caption":"Le Cafe Gourmet"},"image":{"@id":"https:\/\/cafegourmet.ca\/#\/schema\/logo\/image\/"}}]}},"_links":{"self":[{"href":"https:\/\/cafegourmet.ca\/fr\/wp-json\/wp\/v2\/pages\/83","targetHints":{"allow":["GET"]}}],"collection":[{"href":"https:\/\/cafegourmet.ca\/fr\/wp-json\/wp\/v2\/pages"}],"about":[{"href":"https:\/\/cafegourmet.ca\/fr\/wp-json\/wp\/v2\/types\/page"}],"author":[{"embeddable":true,"href":"https:\/\/cafegourmet.ca\/fr\/wp-json\/wp\/v2\/users\/1"}],"replies":[{"embeddable":true,"href":"https:\/\/cafegourmet.ca\/fr\/wp-json\/wp\/v2\/comments?post=83"}],"version-history":[{"count":28,"href":"https:\/\/cafegourmet.ca\/fr\/wp-json\/wp\/v2\/pages\/83\/revisions"}],"predecessor-version":[{"id":11181,"href":"https:\/\/cafegourmet.ca\/fr\/wp-json\/wp\/v2\/pages\/83\/revisions\/11181"}],"wp:attachment":[{"href":"https:\/\/cafegourmet.ca\/fr\/wp-json\/wp\/v2\/media?parent=83"}],"curies":[{"name":"wp","href":"https:\/\/api.w.org\/{rel}","templated":true}]}}