{"id":356,"date":"2019-11-10T13:10:13","date_gmt":"2019-11-10T18:10:13","guid":{"rendered":"https:\/\/cafegourmet.ca\/dev\/?post_type=product&#038;p=356"},"modified":"2025-11-19T18:44:48","modified_gmt":"2025-11-19T23:44:48","slug":"royal-blend","status":"publish","type":"product","link":"https:\/\/cafegourmet.ca\/fr\/produit\/royal-blend\/","title":{"rendered":"M\u00e9lange Royal"},"content":{"rendered":"<p>Originalement cr\u00e9\u00e9 \u00e0 la fin des ann\u00e9es 70.<\/p>\n<p>Personne ne se rappelle d\u2019o\u00f9 en vient le nom!<\/p>\n<p>Un m\u00e9lange velout\u00e9 et riche \u00e0 partir de grains torr\u00e9fi\u00e9s bruns et noirs. Il s\u2019adapte \u00e0 toute occasion.<\/p>\n<p>500 g\/sac<\/p>","protected":false},"excerpt":{"rendered":"<p>Originalement cr\u00e9\u00e9 \u00e0 la fin des ann\u00e9es 70.<\/p>\n<p>Personne ne se rappelle d\u2019o\u00f9 en vient le nom!<\/p>\n<p>Un m\u00e9lange velout\u00e9 et riche \u00e0 partir de grains torr\u00e9fi\u00e9s bruns et noirs. Il s\u2019adapte \u00e0 toute occasion.<\/p>\n<p>500 g\/sac<\/p>","protected":false},"featured_media":13925,"template":"","meta":[],"product_brand":[],"product_cat":[21],"product_tag":[],"class_list":{"0":"post-356","1":"product","2":"type-product","3":"status-publish","4":"has-post-thumbnail","6":"product_cat-signature-blend","8":"first","9":"instock","10":"shipping-taxable","11":"purchasable","12":"product-type-variable"},"yoast_head":"<!-- This site is optimized with the Yoast SEO plugin v27.5 - https:\/\/yoast.com\/product\/yoast-seo-wordpress\/ -->\n<title>Royal Blend - Le Cafe Gourmet<\/title>\n<meta name=\"robots\" content=\"index, follow, max-snippet:-1, max-image-preview:large, max-video-preview:-1\" \/>\n<link rel=\"canonical\" href=\"https:\/\/cafegourmet.ca\/fr\/produit\/royal-blend\/\" \/>\n<meta property=\"og:locale\" content=\"fr_CA\" \/>\n<meta property=\"og:type\" content=\"article\" \/>\n<meta property=\"og:title\" content=\"Royal Blend - Le Cafe Gourmet\" \/>\n<meta property=\"og:description\" content=\"This blend is an original creation from the late \u201870s.  No one can remember why we called it the Royal Blend!  A smooth and rich balance of Brown and French roasts. A blend fit for any feast!  500gr\/Bag\" \/>\n<meta property=\"og:url\" content=\"https:\/\/cafegourmet.ca\/fr\/produit\/royal-blend\/\" \/>\n<meta property=\"og:site_name\" content=\"Le Cafe Gourmet\" \/>\n<meta property=\"article:modified_time\" content=\"2025-11-19T23:44:48+00:00\" \/>\n<meta property=\"og:image\" content=\"https:\/\/cafegourmet.ca\/wp-content\/uploads\/2024\/10\/Coffee_v1.jpg\" \/>\n\t<meta property=\"og:image:width\" content=\"728\" \/>\n\t<meta property=\"og:image:height\" content=\"455\" \/>\n\t<meta property=\"og:image:type\" content=\"image\/jpeg\" \/>\n<meta name=\"twitter:card\" content=\"summary_large_image\" \/>\n<meta name=\"twitter:label1\" content=\"Estimation du temps de lecture\" \/>\n\t<meta name=\"twitter:data1\" content=\"1 minute\" \/>\n<script type=\"application\/ld+json\" class=\"yoast-schema-graph\">{\"@context\":\"https:\\\/\\\/schema.org\",\"@graph\":[{\"@type\":\"WebPage\",\"@id\":\"https:\\\/\\\/cafegourmet.ca\\\/product\\\/royal-blend\\\/\",\"url\":\"https:\\\/\\\/cafegourmet.ca\\\/product\\\/royal-blend\\\/\",\"name\":\"Royal Blend - Le Cafe Gourmet\",\"isPartOf\":{\"@id\":\"https:\\\/\\\/cafegourmet.ca\\\/#website\"},\"primaryImageOfPage\":{\"@id\":\"https:\\\/\\\/cafegourmet.ca\\\/product\\\/royal-blend\\\/#primaryimage\"},\"image\":{\"@id\":\"https:\\\/\\\/cafegourmet.ca\\\/product\\\/royal-blend\\\/#primaryimage\"},\"thumbnailUrl\":\"https:\\\/\\\/cafegourmet.ca\\\/wp-content\\\/uploads\\\/2024\\\/10\\\/Coffee_v1.jpg\",\"datePublished\":\"2019-11-10T18:10:13+00:00\",\"dateModified\":\"2025-11-19T23:44:48+00:00\",\"breadcrumb\":{\"@id\":\"https:\\\/\\\/cafegourmet.ca\\\/product\\\/royal-blend\\\/#breadcrumb\"},\"inLanguage\":\"fr-CA\",\"potentialAction\":[{\"@type\":\"ReadAction\",\"target\":[\"https:\\\/\\\/cafegourmet.ca\\\/product\\\/royal-blend\\\/\"]}]},{\"@type\":\"ImageObject\",\"inLanguage\":\"fr-CA\",\"@id\":\"https:\\\/\\\/cafegourmet.ca\\\/product\\\/royal-blend\\\/#primaryimage\",\"url\":\"https:\\\/\\\/cafegourmet.ca\\\/wp-content\\\/uploads\\\/2024\\\/10\\\/Coffee_v1.jpg\",\"contentUrl\":\"https:\\\/\\\/cafegourmet.ca\\\/wp-content\\\/uploads\\\/2024\\\/10\\\/Coffee_v1.jpg\",\"width\":728,\"height\":455},{\"@type\":\"BreadcrumbList\",\"@id\":\"https:\\\/\\\/cafegourmet.ca\\\/product\\\/royal-blend\\\/#breadcrumb\",\"itemListElement\":[{\"@type\":\"ListItem\",\"position\":1,\"name\":\"Home\",\"item\":\"https:\\\/\\\/cafegourmet.ca\\\/\"},{\"@type\":\"ListItem\",\"position\":2,\"name\":\"Shop\",\"item\":\"https:\\\/\\\/cafegourmet.ca\\\/shop\\\/\"},{\"@type\":\"ListItem\",\"position\":3,\"name\":\"Royal Blend\"}]},{\"@type\":\"WebSite\",\"@id\":\"https:\\\/\\\/cafegourmet.ca\\\/#website\",\"url\":\"https:\\\/\\\/cafegourmet.ca\\\/\",\"name\":\"Le Cafe Gourmet\",\"description\":\"\",\"publisher\":{\"@id\":\"https:\\\/\\\/cafegourmet.ca\\\/#organization\"},\"potentialAction\":[{\"@type\":\"SearchAction\",\"target\":{\"@type\":\"EntryPoint\",\"urlTemplate\":\"https:\\\/\\\/cafegourmet.ca\\\/?s={search_term_string}\"},\"query-input\":{\"@type\":\"PropertyValueSpecification\",\"valueRequired\":true,\"valueName\":\"search_term_string\"}}],\"inLanguage\":\"fr-CA\"},{\"@type\":\"Organization\",\"@id\":\"https:\\\/\\\/cafegourmet.ca\\\/#organization\",\"name\":\"Le Cafe Gourmet\",\"url\":\"https:\\\/\\\/cafegourmet.ca\\\/\",\"logo\":{\"@type\":\"ImageObject\",\"inLanguage\":\"fr-CA\",\"@id\":\"https:\\\/\\\/cafegourmet.ca\\\/#\\\/schema\\\/logo\\\/image\\\/\",\"url\":\"https:\\\/\\\/cafegourmet.ca\\\/wp-content\\\/uploads\\\/2024\\\/10\\\/Logo_v2-scaled.jpg\",\"contentUrl\":\"https:\\\/\\\/cafegourmet.ca\\\/wp-content\\\/uploads\\\/2024\\\/10\\\/Logo_v2-scaled.jpg\",\"width\":2560,\"height\":1285,\"caption\":\"Le Cafe Gourmet\"},\"image\":{\"@id\":\"https:\\\/\\\/cafegourmet.ca\\\/#\\\/schema\\\/logo\\\/image\\\/\"}}]}<\/script>\n<!-- \/ Yoast SEO plugin. -->","yoast_head_json":{"title":"Royal Blend - Le Cafe Gourmet","robots":{"index":"index","follow":"follow","max-snippet":"max-snippet:-1","max-image-preview":"max-image-preview:large","max-video-preview":"max-video-preview:-1"},"canonical":"https:\/\/cafegourmet.ca\/fr\/produit\/royal-blend\/","og_locale":"fr_CA","og_type":"article","og_title":"Royal Blend - Le Cafe Gourmet","og_description":"This blend is an original creation from the late \u201870s.  No one can remember why we called it the Royal Blend!  A smooth and rich balance of Brown and French roasts. A blend fit for any feast!  500gr\/Bag","og_url":"https:\/\/cafegourmet.ca\/fr\/produit\/royal-blend\/","og_site_name":"Le Cafe Gourmet","article_modified_time":"2025-11-19T23:44:48+00:00","og_image":[{"width":728,"height":455,"url":"https:\/\/cafegourmet.ca\/wp-content\/uploads\/2024\/10\/Coffee_v1.jpg","type":"image\/jpeg"}],"twitter_card":"summary_large_image","twitter_misc":{"Estimation du temps de lecture":"1 minute"},"schema":{"@context":"https:\/\/schema.org","@graph":[{"@type":"WebPage","@id":"https:\/\/cafegourmet.ca\/product\/royal-blend\/","url":"https:\/\/cafegourmet.ca\/product\/royal-blend\/","name":"Royal Blend - Le Cafe Gourmet","isPartOf":{"@id":"https:\/\/cafegourmet.ca\/#website"},"primaryImageOfPage":{"@id":"https:\/\/cafegourmet.ca\/product\/royal-blend\/#primaryimage"},"image":{"@id":"https:\/\/cafegourmet.ca\/product\/royal-blend\/#primaryimage"},"thumbnailUrl":"https:\/\/cafegourmet.ca\/wp-content\/uploads\/2024\/10\/Coffee_v1.jpg","datePublished":"2019-11-10T18:10:13+00:00","dateModified":"2025-11-19T23:44:48+00:00","breadcrumb":{"@id":"https:\/\/cafegourmet.ca\/product\/royal-blend\/#breadcrumb"},"inLanguage":"fr-CA","potentialAction":[{"@type":"ReadAction","target":["https:\/\/cafegourmet.ca\/product\/royal-blend\/"]}]},{"@type":"ImageObject","inLanguage":"fr-CA","@id":"https:\/\/cafegourmet.ca\/product\/royal-blend\/#primaryimage","url":"https:\/\/cafegourmet.ca\/wp-content\/uploads\/2024\/10\/Coffee_v1.jpg","contentUrl":"https:\/\/cafegourmet.ca\/wp-content\/uploads\/2024\/10\/Coffee_v1.jpg","width":728,"height":455},{"@type":"BreadcrumbList","@id":"https:\/\/cafegourmet.ca\/product\/royal-blend\/#breadcrumb","itemListElement":[{"@type":"ListItem","position":1,"name":"Home","item":"https:\/\/cafegourmet.ca\/"},{"@type":"ListItem","position":2,"name":"Shop","item":"https:\/\/cafegourmet.ca\/shop\/"},{"@type":"ListItem","position":3,"name":"Royal Blend"}]},{"@type":"WebSite","@id":"https:\/\/cafegourmet.ca\/#website","url":"https:\/\/cafegourmet.ca\/","name":"Le Cafe Gourmet","description":"","publisher":{"@id":"https:\/\/cafegourmet.ca\/#organization"},"potentialAction":[{"@type":"SearchAction","target":{"@type":"EntryPoint","urlTemplate":"https:\/\/cafegourmet.ca\/?s={search_term_string}"},"query-input":{"@type":"PropertyValueSpecification","valueRequired":true,"valueName":"search_term_string"}}],"inLanguage":"fr-CA"},{"@type":"Organization","@id":"https:\/\/cafegourmet.ca\/#organization","name":"Le Cafe Gourmet","url":"https:\/\/cafegourmet.ca\/","logo":{"@type":"ImageObject","inLanguage":"fr-CA","@id":"https:\/\/cafegourmet.ca\/#\/schema\/logo\/image\/","url":"https:\/\/cafegourmet.ca\/wp-content\/uploads\/2024\/10\/Logo_v2-scaled.jpg","contentUrl":"https:\/\/cafegourmet.ca\/wp-content\/uploads\/2024\/10\/Logo_v2-scaled.jpg","width":2560,"height":1285,"caption":"Le Cafe Gourmet"},"image":{"@id":"https:\/\/cafegourmet.ca\/#\/schema\/logo\/image\/"}}]}},"_links":{"self":[{"href":"https:\/\/cafegourmet.ca\/fr\/wp-json\/wp\/v2\/product\/356","targetHints":{"allow":["GET"]}}],"collection":[{"href":"https:\/\/cafegourmet.ca\/fr\/wp-json\/wp\/v2\/product"}],"about":[{"href":"https:\/\/cafegourmet.ca\/fr\/wp-json\/wp\/v2\/types\/product"}],"wp:featuredmedia":[{"embeddable":true,"href":"https:\/\/cafegourmet.ca\/fr\/wp-json\/wp\/v2\/media\/13925"}],"wp:attachment":[{"href":"https:\/\/cafegourmet.ca\/fr\/wp-json\/wp\/v2\/media?parent=356"}],"wp:term":[{"taxonomy":"product_brand","embeddable":true,"href":"https:\/\/cafegourmet.ca\/fr\/wp-json\/wp\/v2\/product_brand?post=356"},{"taxonomy":"product_cat","embeddable":true,"href":"https:\/\/cafegourmet.ca\/fr\/wp-json\/wp\/v2\/product_cat?post=356"},{"taxonomy":"product_tag","embeddable":true,"href":"https:\/\/cafegourmet.ca\/fr\/wp-json\/wp\/v2\/product_tag?post=356"}],"curies":[{"name":"wp","href":"https:\/\/api.w.org\/{rel}","templated":true}]}}