{"id":383,"date":"2019-11-10T14:42:56","date_gmt":"2019-11-10T19:42:56","guid":{"rendered":"https:\/\/cafegourmet.ca\/dev\/?post_type=product&#038;p=383"},"modified":"2024-10-03T22:20:59","modified_gmt":"2024-10-04T02:20:59","slug":"english-breakfast-2","status":"publish","type":"product","link":"https:\/\/cafegourmet.ca\/fr\/produit\/english-breakfast-2\/","title":{"rendered":"Irish Breakfast"},"content":{"rendered":"<p>L\u2019histoire du th\u00e9 remonte \u00e0 plus de 2000 ans ayant repr\u00e9sent\u00e9 la boisson la plus noble de la Grande-Bretagne aussi bien que la monnaie d\u00e9sir\u00e9e de la Chine.<br \/>\nVoyagez \u00e0 traverse le monde passionnant du th\u00e9 et d\u00e9gustez!<\/p>\n<p>100 g\/sac<\/p>","protected":false},"excerpt":{"rendered":"<p>L\u2019histoire du th\u00e9 remonte \u00e0 plus de 2000 ans ayant repr\u00e9sent\u00e9 la boisson la plus noble de la Grande-Bretagne aussi bien que la monnaie d\u00e9sir\u00e9e de la Chine.<br \/>\nVoyagez \u00e0 traverse le monde passionnant du th\u00e9 et d\u00e9gustez!<\/p>\n<p>100 g\/sac<\/p>","protected":false},"featured_media":13959,"template":"","meta":[],"product_brand":[],"product_cat":[22],"product_tag":[],"class_list":{"0":"post-383","1":"product","2":"type-product","3":"status-publish","4":"has-post-thumbnail","6":"product_cat-tea","8":"first","9":"instock","10":"shipping-taxable","11":"purchasable","12":"product-type-simple"},"yoast_head":"<!-- This site is optimized with the Yoast SEO plugin v27.5 - https:\/\/yoast.com\/product\/yoast-seo-wordpress\/ -->\n<title>Irish Breakfast - Le Cafe Gourmet<\/title>\n<meta name=\"robots\" content=\"index, follow, max-snippet:-1, max-image-preview:large, max-video-preview:-1\" \/>\n<link rel=\"canonical\" href=\"https:\/\/cafegourmet.ca\/fr\/produit\/english-breakfast-2\/\" \/>\n<meta property=\"og:locale\" content=\"fr_CA\" \/>\n<meta property=\"og:type\" content=\"article\" \/>\n<meta property=\"og:title\" content=\"Irish Breakfast - Le Cafe Gourmet\" \/>\n<meta property=\"og:description\" content=\"The history of tea goes back over 2000 years: from the most noble beverage of Britain to the desired currency of China. Take a voyage through the exciting world of tea and Enjoy!  100gr\/Bag\" \/>\n<meta property=\"og:url\" content=\"https:\/\/cafegourmet.ca\/fr\/produit\/english-breakfast-2\/\" \/>\n<meta property=\"og:site_name\" content=\"Le Cafe Gourmet\" \/>\n<meta property=\"article:modified_time\" content=\"2024-10-04T02:20:59+00:00\" \/>\n<meta property=\"og:image\" content=\"https:\/\/cafegourmet.ca\/wp-content\/uploads\/2024\/10\/Tea_v10.jpg\" \/>\n\t<meta property=\"og:image:width\" content=\"728\" \/>\n\t<meta property=\"og:image:height\" content=\"455\" \/>\n\t<meta property=\"og:image:type\" content=\"image\/jpeg\" \/>\n<meta name=\"twitter:card\" content=\"summary_large_image\" \/>\n<meta name=\"twitter:label1\" content=\"Estimation du temps de lecture\" \/>\n\t<meta name=\"twitter:data1\" content=\"1 minute\" \/>\n<script type=\"application\/ld+json\" class=\"yoast-schema-graph\">{\"@context\":\"https:\\\/\\\/schema.org\",\"@graph\":[{\"@type\":\"WebPage\",\"@id\":\"https:\\\/\\\/cafegourmet.ca\\\/product\\\/english-breakfast-2\\\/\",\"url\":\"https:\\\/\\\/cafegourmet.ca\\\/product\\\/english-breakfast-2\\\/\",\"name\":\"Irish Breakfast - Le Cafe Gourmet\",\"isPartOf\":{\"@id\":\"https:\\\/\\\/cafegourmet.ca\\\/#website\"},\"primaryImageOfPage\":{\"@id\":\"https:\\\/\\\/cafegourmet.ca\\\/product\\\/english-breakfast-2\\\/#primaryimage\"},\"image\":{\"@id\":\"https:\\\/\\\/cafegourmet.ca\\\/product\\\/english-breakfast-2\\\/#primaryimage\"},\"thumbnailUrl\":\"https:\\\/\\\/cafegourmet.ca\\\/wp-content\\\/uploads\\\/2024\\\/10\\\/Tea_v10.jpg\",\"datePublished\":\"2019-11-10T19:42:56+00:00\",\"dateModified\":\"2024-10-04T02:20:59+00:00\",\"breadcrumb\":{\"@id\":\"https:\\\/\\\/cafegourmet.ca\\\/product\\\/english-breakfast-2\\\/#breadcrumb\"},\"inLanguage\":\"fr-CA\",\"potentialAction\":[{\"@type\":\"ReadAction\",\"target\":[\"https:\\\/\\\/cafegourmet.ca\\\/product\\\/english-breakfast-2\\\/\"]}]},{\"@type\":\"ImageObject\",\"inLanguage\":\"fr-CA\",\"@id\":\"https:\\\/\\\/cafegourmet.ca\\\/product\\\/english-breakfast-2\\\/#primaryimage\",\"url\":\"https:\\\/\\\/cafegourmet.ca\\\/wp-content\\\/uploads\\\/2024\\\/10\\\/Tea_v10.jpg\",\"contentUrl\":\"https:\\\/\\\/cafegourmet.ca\\\/wp-content\\\/uploads\\\/2024\\\/10\\\/Tea_v10.jpg\",\"width\":728,\"height\":455},{\"@type\":\"BreadcrumbList\",\"@id\":\"https:\\\/\\\/cafegourmet.ca\\\/product\\\/english-breakfast-2\\\/#breadcrumb\",\"itemListElement\":[{\"@type\":\"ListItem\",\"position\":1,\"name\":\"Home\",\"item\":\"https:\\\/\\\/cafegourmet.ca\\\/\"},{\"@type\":\"ListItem\",\"position\":2,\"name\":\"Shop\",\"item\":\"https:\\\/\\\/cafegourmet.ca\\\/shop\\\/\"},{\"@type\":\"ListItem\",\"position\":3,\"name\":\"Irish Breakfast\"}]},{\"@type\":\"WebSite\",\"@id\":\"https:\\\/\\\/cafegourmet.ca\\\/#website\",\"url\":\"https:\\\/\\\/cafegourmet.ca\\\/\",\"name\":\"Le Cafe Gourmet\",\"description\":\"\",\"publisher\":{\"@id\":\"https:\\\/\\\/cafegourmet.ca\\\/#organization\"},\"potentialAction\":[{\"@type\":\"SearchAction\",\"target\":{\"@type\":\"EntryPoint\",\"urlTemplate\":\"https:\\\/\\\/cafegourmet.ca\\\/?s={search_term_string}\"},\"query-input\":{\"@type\":\"PropertyValueSpecification\",\"valueRequired\":true,\"valueName\":\"search_term_string\"}}],\"inLanguage\":\"fr-CA\"},{\"@type\":\"Organization\",\"@id\":\"https:\\\/\\\/cafegourmet.ca\\\/#organization\",\"name\":\"Le Cafe Gourmet\",\"url\":\"https:\\\/\\\/cafegourmet.ca\\\/\",\"logo\":{\"@type\":\"ImageObject\",\"inLanguage\":\"fr-CA\",\"@id\":\"https:\\\/\\\/cafegourmet.ca\\\/#\\\/schema\\\/logo\\\/image\\\/\",\"url\":\"https:\\\/\\\/cafegourmet.ca\\\/wp-content\\\/uploads\\\/2024\\\/10\\\/Logo_v2-scaled.jpg\",\"contentUrl\":\"https:\\\/\\\/cafegourmet.ca\\\/wp-content\\\/uploads\\\/2024\\\/10\\\/Logo_v2-scaled.jpg\",\"width\":2560,\"height\":1285,\"caption\":\"Le Cafe Gourmet\"},\"image\":{\"@id\":\"https:\\\/\\\/cafegourmet.ca\\\/#\\\/schema\\\/logo\\\/image\\\/\"}}]}<\/script>\n<!-- \/ Yoast SEO plugin. -->","yoast_head_json":{"title":"Irish Breakfast - Le Cafe Gourmet","robots":{"index":"index","follow":"follow","max-snippet":"max-snippet:-1","max-image-preview":"max-image-preview:large","max-video-preview":"max-video-preview:-1"},"canonical":"https:\/\/cafegourmet.ca\/fr\/produit\/english-breakfast-2\/","og_locale":"fr_CA","og_type":"article","og_title":"Irish Breakfast - Le Cafe Gourmet","og_description":"The history of tea goes back over 2000 years: from the most noble beverage of Britain to the desired currency of China. Take a voyage through the exciting world of tea and Enjoy!  100gr\/Bag","og_url":"https:\/\/cafegourmet.ca\/fr\/produit\/english-breakfast-2\/","og_site_name":"Le Cafe Gourmet","article_modified_time":"2024-10-04T02:20:59+00:00","og_image":[{"width":728,"height":455,"url":"https:\/\/cafegourmet.ca\/wp-content\/uploads\/2024\/10\/Tea_v10.jpg","type":"image\/jpeg"}],"twitter_card":"summary_large_image","twitter_misc":{"Estimation du temps de lecture":"1 minute"},"schema":{"@context":"https:\/\/schema.org","@graph":[{"@type":"WebPage","@id":"https:\/\/cafegourmet.ca\/product\/english-breakfast-2\/","url":"https:\/\/cafegourmet.ca\/product\/english-breakfast-2\/","name":"Irish Breakfast - Le Cafe Gourmet","isPartOf":{"@id":"https:\/\/cafegourmet.ca\/#website"},"primaryImageOfPage":{"@id":"https:\/\/cafegourmet.ca\/product\/english-breakfast-2\/#primaryimage"},"image":{"@id":"https:\/\/cafegourmet.ca\/product\/english-breakfast-2\/#primaryimage"},"thumbnailUrl":"https:\/\/cafegourmet.ca\/wp-content\/uploads\/2024\/10\/Tea_v10.jpg","datePublished":"2019-11-10T19:42:56+00:00","dateModified":"2024-10-04T02:20:59+00:00","breadcrumb":{"@id":"https:\/\/cafegourmet.ca\/product\/english-breakfast-2\/#breadcrumb"},"inLanguage":"fr-CA","potentialAction":[{"@type":"ReadAction","target":["https:\/\/cafegourmet.ca\/product\/english-breakfast-2\/"]}]},{"@type":"ImageObject","inLanguage":"fr-CA","@id":"https:\/\/cafegourmet.ca\/product\/english-breakfast-2\/#primaryimage","url":"https:\/\/cafegourmet.ca\/wp-content\/uploads\/2024\/10\/Tea_v10.jpg","contentUrl":"https:\/\/cafegourmet.ca\/wp-content\/uploads\/2024\/10\/Tea_v10.jpg","width":728,"height":455},{"@type":"BreadcrumbList","@id":"https:\/\/cafegourmet.ca\/product\/english-breakfast-2\/#breadcrumb","itemListElement":[{"@type":"ListItem","position":1,"name":"Home","item":"https:\/\/cafegourmet.ca\/"},{"@type":"ListItem","position":2,"name":"Shop","item":"https:\/\/cafegourmet.ca\/shop\/"},{"@type":"ListItem","position":3,"name":"Irish Breakfast"}]},{"@type":"WebSite","@id":"https:\/\/cafegourmet.ca\/#website","url":"https:\/\/cafegourmet.ca\/","name":"Le Cafe Gourmet","description":"","publisher":{"@id":"https:\/\/cafegourmet.ca\/#organization"},"potentialAction":[{"@type":"SearchAction","target":{"@type":"EntryPoint","urlTemplate":"https:\/\/cafegourmet.ca\/?s={search_term_string}"},"query-input":{"@type":"PropertyValueSpecification","valueRequired":true,"valueName":"search_term_string"}}],"inLanguage":"fr-CA"},{"@type":"Organization","@id":"https:\/\/cafegourmet.ca\/#organization","name":"Le Cafe Gourmet","url":"https:\/\/cafegourmet.ca\/","logo":{"@type":"ImageObject","inLanguage":"fr-CA","@id":"https:\/\/cafegourmet.ca\/#\/schema\/logo\/image\/","url":"https:\/\/cafegourmet.ca\/wp-content\/uploads\/2024\/10\/Logo_v2-scaled.jpg","contentUrl":"https:\/\/cafegourmet.ca\/wp-content\/uploads\/2024\/10\/Logo_v2-scaled.jpg","width":2560,"height":1285,"caption":"Le Cafe Gourmet"},"image":{"@id":"https:\/\/cafegourmet.ca\/#\/schema\/logo\/image\/"}}]}},"_links":{"self":[{"href":"https:\/\/cafegourmet.ca\/fr\/wp-json\/wp\/v2\/product\/383","targetHints":{"allow":["GET"]}}],"collection":[{"href":"https:\/\/cafegourmet.ca\/fr\/wp-json\/wp\/v2\/product"}],"about":[{"href":"https:\/\/cafegourmet.ca\/fr\/wp-json\/wp\/v2\/types\/product"}],"wp:featuredmedia":[{"embeddable":true,"href":"https:\/\/cafegourmet.ca\/fr\/wp-json\/wp\/v2\/media\/13959"}],"wp:attachment":[{"href":"https:\/\/cafegourmet.ca\/fr\/wp-json\/wp\/v2\/media?parent=383"}],"wp:term":[{"taxonomy":"product_brand","embeddable":true,"href":"https:\/\/cafegourmet.ca\/fr\/wp-json\/wp\/v2\/product_brand?post=383"},{"taxonomy":"product_cat","embeddable":true,"href":"https:\/\/cafegourmet.ca\/fr\/wp-json\/wp\/v2\/product_cat?post=383"},{"taxonomy":"product_tag","embeddable":true,"href":"https:\/\/cafegourmet.ca\/fr\/wp-json\/wp\/v2\/product_tag?post=383"}],"curies":[{"name":"wp","href":"https:\/\/api.w.org\/{rel}","templated":true}]}}